{"id":15,"date":"2015-01-19T09:28:02","date_gmt":"2015-01-19T08:28:02","guid":{"rendered":"http:\/\/from.hr\/marin-petrovic\/?page_id=15"},"modified":"2026-02-17T09:03:24","modified_gmt":"2026-02-17T08:03:24","slug":"scientific-publications","status":"publish","type":"page","link":"http:\/\/marin-petrovic.from.hr\/?page_id=15","title":{"rendered":"Publications"},"content":{"rendered":"<h2>2025<\/h2>\n<p><strong>33)<\/strong> Y. Jin, Y. Guo, J. Zhou, Z. Xu, Y. Guo, L. Malko\u010d, <u>M. Petrovi\u0107<\/u>, Y. Dedkov, E. Voloshina. <em>Correlation Effects in Van der Waals CrXTe3 Materials (X: Si, Ge) From X-Ray Spectroscopy Studies<\/em>. The Journal of Physical Chemistry C <strong>129<\/strong>, 15444 (2025). <a href=\"https:\/\/doi.org\/10.1021\/acs.jpcc.5c03741\" target=\"_blank\" rel=\"noopener\">DOI link<\/a><\/p>\n<h2>2024<\/h2>\n<p><strong>32)<\/strong> B. Radatovi\u0107, O. \u00c7akiro\u011flu, V. Jadri\u0161ko, R. Frisenda, A. Senki\u0107, N. Vuji\u010di\u0107, M. Kralj, <u>M. Petrovi\u0107<\/u>, A. Castellanos-Gomez. <em>Strain-enhanced large-area monolayer MoS2 photodetectors<\/em>. ACS Applied Materials and Interfaces <strong>16<\/strong>, 15596 (2024). <a href=\"https:\/\/doi.org\/10.1021\/acsami.4c00458\" target=\"_blank\" rel=\"noopener\">DOI link<\/a><\/p>\n<h2>2023<\/h2>\n<p><strong>31)<\/strong> S. Kamal, I. Seo, P. Bampoulis, M. Jugovac, C. A. Brondin, T. O. Mente\u015f, I. \u0160ari\u0107 Jankovi\u0107, A. Matetskiy, P. Moras, P. Sheverdyaeva, T. Michely, A. Locatelli, Y. Gohda, M. Kralj, <u>M. Petrovi\u0107<\/u>. <em>Unidirectional Nano-Modulated Binding and Electron Scattering in Epitaxial Borophene<\/em>. ACS Applied Materials and Interfaces <strong>15<\/strong>, 57890 (2023). <a href=\"https:\/\/doi.org\/10.1021\/acsami.3c14884\" target=\"_blank\" rel=\"noopener\">DOI link<\/a><br \/>\n<strong>30)<\/strong> K. M. Omambac, M. A. Kriegel, <u>M. Petrovi\u0107<\/u>, B. Finke, C. Brand, F.-J. Meyer zu Heringdorf, M. Horn-von Hoegen. <em>Interplay of Kinetic Limitations and Disintegration: Selective Growth of Hexagonal Boron Nitride and Borophene Monolayers on Metal Substrates<\/em>. ACS Nano <strong>17<\/strong>, 17946 (2023). <a href=\"https:\/\/doi.org\/10.1021\/acsnano.3c04038\" target=\"_blank\" rel=\"noopener\">DOI link<\/a><br \/>\n<strong>29)<\/strong> M. Jugovac, I. Cojocariu, C. A. Brondin, A. Crotti, <u>M. Petrovi\u0107<\/u>, S. Bonetti, A. Locatelli, T. O. Mente\u015f. <em>Coupling Borophene to Graphene in Air-Stable Heterostructures.<\/em> Advanced Electronic Materials <strong>9<\/strong>, 2300136 (2023). <a href=\"https:\/\/doi.org\/10.1002\/aelm.202300136\" target=\"_blank\" rel=\"noopener\">DOI link<\/a><br \/>\n<strong>28)<\/strong> S. Kova\u010devi\u0107, M. Van Bos, M. Kralj, <u>M. Petrovi\u0107<\/u>, O. Gamulin, M. \u0160krabi\u0107, S. Radovi\u0107, I. Vanden Berghe. <em>Analysis of Pigments from Decorated Antler or Bone Artifacts from the Early Iron Age Princely Burial Mounds in Jal\u017eabet (NW Croatia)<\/em>. Interdisciplinaria Archaeologica <strong>14<\/strong>, 41 (2023). <a href=\"http:\/\/iansa.eu\/papers\/iansa-2023-01-kovacevic.html\" target=\"_blank\" rel=\"noopener\">URL link<\/a><\/p>\n<h2>2022<\/h2>\n<p><strong>27)<\/strong> B. Radatovi\u0107, V. Jadri\u0161ko, S. Kamal, M. Kralj, D. Novko, N. Vuji\u010di\u0107, <u>M. Petrovi\u0107<\/u>. <em>Macroscopic single-phase monolayer borophene on arbitrary substrates.<\/em> ACS Applied Materials and Interfaces <strong>14<\/strong>, 21727 (2022). <a href=\"https:\/\/doi.org\/10.1021\/acsami.2c03678\" target=\"_blank\" rel=\"noopener\">DOI link<\/a><br \/>\n<strong>26) <\/strong><span style=\"font-size: 1rem\">S. Tanaka<\/span><span class=\"comma-separator\">, <\/span><span style=\"font-size: 1rem\">T. Yoshida<\/span><span class=\"comma-separator\">, <\/span><span class=\"hlFld-ContribAuthor\" style=\"font-size: 1rem\">K. Watanabe, <\/span><span style=\"font-size: 1rem\">Y. Matsumoto, <\/span><span class=\"hlFld-ContribAuthor\" style=\"font-size: 1rem\">T. Yasuike, <\/span><span style=\"font-size: 1rem\">D. Novko, <\/span><span style=\"font-size: 1rem\"><u>M. Petrovi\u0107<\/u>, <\/span><span class=\"hlFld-ContribAuthor\" style=\"font-size: 1rem\">M. Kralj. <em>Ultrafast Plasmonic Response Ensured by Atomic Scale Confinement<\/em>. ACS Photonics <strong>9<\/strong>, 837 (2022). <a href=\"https:\/\/doi.org\/10.1021\/acsphotonics.1c01454\" target=\"_blank\" rel=\"noopener\">DOI link<\/a><\/span><\/p>\n<h2>2021<\/h2>\n<p><strong>25)<\/strong> B. Pieli\u0107, D. Novko, I. \u0160rut Raki\u0107, J. Cai, <u>M. Petrovi\u0107<\/u>, R. Ohmann, N. Vuji\u010di\u0107, M. Basleti\u0107, C. Busse, M. Kralj. <i>Electronic Structure of Quasi-Freestanding WS<sub>2<\/sub>\/MoS<sub>2<\/sub> Heterostructures.<\/i> ACS Applied Materials and Interfaces <strong>13<\/strong>, 50552 (2021). <a href=\"http:\/\/dx.doi.org\/10.1021\/acsami.1c15412\" target=\"_blank\" rel=\"noopener\">DOI link<\/a><br \/>\n<strong>24)<\/strong>&nbsp;<u style=\"font-size: 1rem\">M. Petrovi\u0107<\/u><span style=\"font-size: 1rem\">, F.-J. Meyer Zu Heringdorf, M. Horn-von Hoegen, P. A. Thiel, M. C. Tringides. <\/span><em style=\"font-size: 1rem\">Broad background in electron diffraction of 2D materials as a signature of their superior quality<\/em><span style=\"font-size: 1rem\">. Nanotechnology <\/span><strong style=\"font-size: 1rem\">32<\/strong>,<span style=\"font-size: 1rem\"> 505706 (2021). <a href=\"https:\/\/doi.org\/10.1088\/1361-6528\/ac244f\" target=\"_blank\" rel=\"noopener\">DOI link<\/a><\/span><br \/>\n<strong>23)<\/strong>&nbsp;D. Dombrowski, A. Samad, C. Murray, <u>M. Petrovic\u0301<\/u>, P. Ewen, T. Michely, M. Kralj, U. Schwingenschlo\u0308gl, C. Busse. <em>Two Phases of Monolayer Tantalum Sulfide on Au (111)<\/em>. ACS Nano <strong>15<\/strong>, 13516 (2021). <a href=\"https:\/\/doi.org\/10.1021\/acsnano.1c04249\" target=\"_blank\" rel=\"noopener\">DOI link<\/a><br \/>\n<strong>22)<\/strong>&nbsp; K. Omambac, M. Kriegel, C. Brand, B. Finke, L. Kremeyer, H. Hattab, D. Janoschka, P. Dreher, F.-J. Meyer zu Heringdorf, D. Momeni Pakdehi, K. Pierz, H. W. Schumacher, <u>M. Petrovi\u0107<\/u>, A. van Houselt, B. Poelsema, M. C. Tringides, M. Horn-von Hoegen. <em>Non-conventional bell-shaped diffuse scattering in low-energy electron diffraction from high-quality epitaxial 2D-materials<\/em>. Applied Physics Letters&nbsp;<strong>118<\/strong>,&nbsp;241902 (2021).&nbsp;<a href=\"https:\/\/doi.org\/10.1063\/5.0051220\" target=\"_blank\" rel=\"noopener\">DOI link<\/a><br \/>\n<strong>21)<\/strong> K. M. Omambac, <u>M. Petrovi\u0107<\/u>, P. Bampoulis, C. Brand, M. A. Kriegel, P. Dreher, D. Janoschka, U. Hagemann, N. Hartmann, P. Valerius, T. Michely, F. J. Meyer zu Heringdorf, M. Horn-von Hoegen. <em>Segregation-Enhanced Epitaxy of Borophene on Ir(111) by Thermal Decomposition of Borazine<\/em>. ACS Nano <strong>15<\/strong>, 7421 (2021). <a href=\"https:\/\/doi.org\/10.1021\/acsnano.1c00819\" target=\"_blank\" rel=\"noopener\">DOI link<\/a><\/p>\n<h2>2020<\/h2>\n<p><strong>20)<\/strong> <u>M. Petrovi\u0107<\/u>.&nbsp;<em>Sequential lithium deposition on hexagonal boron nitride monolayer on Ir(111): Identifying intercalation and adsorption<\/em>. Surface Science <strong>706<\/strong>, 121786 (2021). <a href=\"https:\/\/doi.org\/10.1016\/j.susc.2020.121786\" target=\"_blank\" rel=\"noopener\">DOI link<\/a><br \/>\n<strong>19)<\/strong>&nbsp;S. Tanaka, T. Yoshida, K. Watanabe, Y. Matsumoto, T. Yasuike,&nbsp;<u>M. Petrovi\u0107<\/u>, M. Kralj.&nbsp;<em>Linewidth Narrowing with Ultimate Confinement of an Alkali Multipole Plasmon by Modifying Surface Electronic Wave Functions with Two-Dimensional Materials.<\/em> Physical Review Letters <strong>125<\/strong>, 126802 (2020). <a href=\"https:\/\/doi.org\/10.1103\/PhysRevLett.125.126802\">DOI link<\/a><br \/>\n<strong>18)<\/strong>&nbsp;T. Yoshida, K. Watanabe, <u>M. Petrovi\u0107<\/u>, and Marko Kralj.&nbsp;<em>Anomalous temperature Dependence of Exciton Spectral Di\ufb00usion&nbsp;<\/em><em>in Tetracene Thin Film.<\/em> The Journal of Physical Chemistry Letters <strong>11<\/strong>, 5248 (2020). <a href=\"https:\/\/dx.doi.org\/10.1021\/acs.jpclett.0c01537\">DOI link<\/a><br \/>\n<strong>17)<\/strong> B. Pielic\u0301, J. Hall, V. Despoja, I. S\u030crut Rakic\u0301, <u>M. Petrovic\u0301<\/u>, A. Sohani, C. Busse, T. Michely, M. Kralj. <em>Sulfur structures on bare and graphene-covered Ir(111)<\/em>. The Journal of Physical Chemistry C <b>124<\/b>, 6659 (2020). <a href=\"https:\/\/doi.org\/10.1021\/acs.jpcc.9b11641\" target=\"_blank\" rel=\"noopener\">DOI link<\/a><\/p>\n<h2>2019<\/h2>\n<p><strong>16)<\/strong>&nbsp;<span style=\"text-decoration: underline\">M. Petrovi\u0107<\/span>, M. Horn-von Hoegen, F.-J. Meyer zu Heringdorf.&nbsp;<em>Equilibrium shape of single-layer hexagonal boron nitride islands on iridium<\/em>. Scientific Reports <strong>9<\/strong>, 19553 (2019).&nbsp;<a href=\"https:\/\/doi.org\/10.1038\/s41598-019-56000-1\" target=\"_blank\" rel=\"noopener\">DOI link<\/a><\/p>\n<h2><strong>2018<\/strong><\/h2>\n<p><strong>15)<\/strong> J. Cai, W. Jolie, C. C. Silva, <u>M. Petrovi\u0107<\/u>, C. Schlueter, T. Michely, M. Kralj, T.-L. Lee, C. Busse. <em>Modifying the geometric and electronic structure of hexagonal boron nitride on Ir(111) by Cs adsorption and intercalation.<\/em> Physical Review B <strong>98<\/strong>, 159443 (2018). <a href=\"https:\/\/doi.org\/10.1103\/PhysRevB.98.195443\">DOI link<\/a><br \/>\n<strong>14)<\/strong>&nbsp;<span style=\"text-decoration: underline\">M. Petrovi\u0107<\/span>, M. Horn-von Hoegen, F.-J. Meyer zu Heringdorf.&nbsp;<em>Lateral heterostructures of hexagonal boron nitride and graphene: BCN alloy formation and microstructuring mechanism.<\/em>&nbsp;Applied Surface Science <b>455<\/b>, 1086 (2018).&nbsp;<a href=\"https:\/\/doi.org\/10.1016\/j.apsusc.2018.06.057\" target=\"_blank\" rel=\"noopener\">DOI link<\/a><\/p>\n<h2>2017<\/h2>\n<p><strong>13)<\/strong>&nbsp;<span style=\"text-decoration: underline\">M. Petrovi\u0107<\/span>,&nbsp;P. Lazi\u0107, S. Runte, T. Michely, C. Busse, M. Kralj. <em>Moir\u00e9-regulated self-assembly of cesium adatoms on epitaxial graphene<\/em>. Physical Review B <strong>96<\/strong>, 085428 (2017). <a href=\"https:\/\/doi.org\/10.1103\/PhysRevB.96.085428\" target=\"_blank\" rel=\"noopener\">DOI link<\/a><br \/>\n<strong>12)<\/strong>&nbsp;<span style=\"text-decoration: underline\">M. Petrovi\u0107<\/span>, U. Hagemann, M. Horn-von Hoegen, F.-J. Meyer zu Heringdorf.&nbsp;<em>Microanalysis of single-layer hexagonal boron nitride islands on Ir(111).<\/em> Applied Surface Science&nbsp;<strong>420<\/strong>, 504 (2017). <a href=\"https:\/\/doi.org\/10.1016\/j.apsusc.2017.05.155\" target=\"_blank\" rel=\"noopener\">DOI link<\/a><br \/>\n<strong>11)<\/strong> D. Dombrowski, W. Jolie, <span style=\"text-decoration: underline\">M. Petrovi\u0107<\/span>, S. Runte, F. Craes, J. Klinkhammer, M. Kralj, P. Lazi\u0107, E. Sela, C. Busse. <em>Energy dependent chirality effects in quasi-freestanding graphene.<\/em> Physical Review Letters <strong>118<\/strong>, 116401 (2017). <a href=\"https:\/\/dx.doi.org\/10.1103\/PhysRevLett.118.116401\" target=\"_blank\" rel=\"noopener\">DOI link<\/a><br \/>\n<strong>10)<\/strong>&nbsp;U. A. Schr\u00f6der, <span style=\"text-decoration: underline\">M. Petrovi\u0107<\/span>, T. Gerber, A. J. Mart\u00ednez-Galera, E. Gr\u00e5n\u00e4s, M. A. Arman, C. Herbig, J. Schnadt, M. Kralj, J. Knudsen, T. Michely. <em>Core level shifts of intercalated graphene<\/em>. 2D Materials <strong>4<\/strong>, 015013 (2017). <a href=\"http:\/\/dx.doi.org\/10.1088\/2053-1583\/4\/1\/015013\" target=\"_blank\" rel=\"noopener\">DOI link<\/a><\/p>\n<h2>2015<\/h2>\n<p><strong>9)&nbsp;<\/strong>P. Pervan, P. Lazi\u0107, <span style=\"text-decoration: underline\">M. Petrovi\u0107<\/span>, I. \u0160rut Raki\u0107, I. Pletikosi\u0107, M. Kralj, M. Milun, T. Valla. <em>Li adsorption versus graphene intercalation on Ir(111): From quenching to restoration of the Ir surface state<\/em>. Physical Review B <b>92<\/b>, 245415 (2015). <a href=\"http:\/\/dx.doi.org\/10.1103\/PhysRevB.92.245415\" target=\"_blank\" rel=\"noopener\">DOI link<\/a><br \/>\n<strong>8)&nbsp;<\/strong><span style=\"text-decoration: underline\">M. Petrovi\u0107<\/span>, J. T. Sadowski, A. \u0160iber, M. Kralj. <em>Wrinkles of graphene on Ir(111): Macroscopic network ordering and internal multi-lobed structure<\/em>. Carbon <strong>94<\/strong>, 856-863 (2015). <a href=\"http:\/\/dx.doi.org\/10.1016\/j.carbon.2015.07.059\" target=\"_blank\" rel=\"noopener\">DOI link<\/a><\/p>\n<h2>2014<\/h2>\n<p><strong>7)&nbsp;<\/strong>S. Schumacher, F. Huttmann, <span style=\"text-decoration: underline\">M. Petrovi\u0107<\/span>, C. Witt, D. F. F\u00f6rster, C. Vo-Van, J. Coraux, A. J. Mart\u00ednez-Galera, V. Sessi, I. Vergara, R. R\u00fcckamp, M. Gr\u00fcninger, N. Schleheck, F. Meyer zu Heringdorf, P. Ohresser, M. Kralj, T. O. Wehling, T. Michely. <i>Europium underneath graphene on Ir(111): Intercalation mechanism, magnetism, and band structure<\/i>. Physical Review B <b>90<\/b>, 235437 (2014). <a href=\"http:\/\/dx.doi.org\/10.1103\/PhysRevB.90.235437\" target=\"_blank\" rel=\"noopener\">DOI link<\/a><br \/>\n<strong>6)&nbsp;<\/strong>W. Jolie, F. Craes, <span style=\"text-decoration: underline\">M. Petrovi\u0107<\/span>, N. Atodiresei, V. Caciuc, S. Bl\u00fcgel, M. Kralj, T. Michely, C. Busse. <i>Confinement of Dirac electrons in graphene quantum dots<\/i>. Physical Review B <b>89<\/b>, 155435 (2014). <a href=\"http:\/\/dx.doi.org\/10.1103\/PhysRevB.89.155435\" target=\"_blank\" rel=\"noopener\">DOI link<\/a><\/p>\n<h2>2013<\/h2>\n<p><strong>5)&nbsp;<\/strong><span style=\"text-decoration: underline\">M. Petrovi\u0107<\/span>, I. \u0160rut Raki\u0107, S. Runte, C. Busse, J. T. Sadowski, P. Lazi\u0107, I. Pletikosi\u0107, Z.-H. Pan, M. Milun, P. Pervan, N. Atodiresei, R. Brako, D. \u0160ok\u010devi\u0107, T. Valla, T. Michely, M. Kralj. <i>The mechanism of caesium intercalation of graphene<\/i>. Nature Communications <b>4<\/b>, 2772 (2013). <a href=\"http:\/\/dx.doi.org\/10.1038\/ncomms3772\" target=\"_blank\" rel=\"noopener\">DOI link<\/a><br \/>\n<strong>4)&nbsp;<\/strong>S. Schumacher, T. O. Wehling, P. Lazi\u0107, S. Runte, D. F. F\u00f6rster, C. Busse, <span style=\"text-decoration: underline\">M. Petrovi\u0107<\/span>, M. Kralj, S. Bl\u00fcgel, N. Atodiresei, V. Caciuc, T. Michely. <i>The Backside of Graphene: Manipulating Adsorption by Intercalation<\/i>. Nano Letters <b>13<\/b>, 5013 (2013). <a href=\"http:\/\/dx.doi.org\/10.1021\/nl402797j\" target=\"_blank\" rel=\"noopener\">DOI link<\/a><\/p>\n<h2>2012<\/h2>\n<p><strong>3)&nbsp;<\/strong>D. Niesner, Th. Fauster, J. I. Dadap, N. Zaki, K. R. Knox, P.-C. Yeh, R. Bhandari, R. M. Osgood, <span style=\"text-decoration: underline\">M. Petrovi\u0107<\/span>, M. Kralj. <i>Trapping Surface Electrons on Graphene Layers and Islands<\/i>. Physical Review B <b>85<\/b>, 081402(R) (2012). <a href=\"http:\/\/dx.doi.org\/10.1103\/PhysRevB.85.081402\" target=\"_blank\" rel=\"noopener\">DOI link<\/a><\/p>\n<h2>2011<\/h2>\n<p><strong>2)<\/strong> &nbsp;J. I. Dadap, M. Kralj, <span style=\"text-decoration: underline\">M. Petrovi\u0107<\/span>, K. Knox, R. Bhandari, P. Yeh, N. Zaki, R. M. Osgood. <i>Observation of Image States in Graphene on Ir(111) by Two-Photon Photoemission.<\/i> CLEO:2011 &#8211; Laser Applications to Photonic Applications, paper QTuK6 (2011).<br \/>\n<strong>1)<\/strong> M. Kralj, I. Pletikosi\u0107, <span style=\"text-decoration: underline\">M. Petrovi\u0107<\/span>, P. Pervan, M. Milun, A. T. N\u2019Diaye, C. Busse, T. Michely, J. Fuji, I. Vobornik. <i>Graphene on Ir(111) characterized by angle-resolved photoemission<\/i>. Physical Review B <b>84<\/b>, 075427 (2011). <a href=\"http:\/\/dx.doi.org\/10.1103\/PhysRevB.84.075427\" target=\"_blank\" rel=\"noopener\">DOI link<\/a><\/p>\n","protected":false},"excerpt":{"rendered":"<p>2025 33) Y. Jin, Y. Guo, J. Zhou, Z. Xu, Y. Guo, L. Malko\u010d, M. Petrovi\u0107, Y. Dedkov, E. Voloshina. Correlation Effects in Van der Waals CrXTe3 Materials (X: Si, Ge) From X-Ray Spectroscopy Studies. The Journal of Physical Chemistry C 129, 15444 (2025). DOI link 2024 32) B. Radatovi\u0107, O. \u00c7akiro\u011flu, V. Jadri\u0161ko, R. [&hellip;]<\/p>\n","protected":false},"author":1556,"featured_media":0,"parent":0,"menu_order":0,"comment_status":"closed","ping_status":"closed","template":"page-templates\/full-width.php","meta":{"ngg_post_thumbnail":0},"yoast_head":"<!-- This site is optimized with the Yoast SEO plugin v17.5 - https:\/\/yoast.com\/wordpress\/plugins\/seo\/ -->\n<meta name=\"description\" content=\"Peer-reviewed scientific papers of Marin Petrovi\u0107 published in international scientific journals.\" \/>\n<meta name=\"robots\" content=\"index, follow, max-snippet:-1, max-image-preview:large, max-video-preview:-1\" \/>\n<link rel=\"canonical\" href=\"http:\/\/marin-petrovic.from.hr\/?page_id=15\" \/>\n<meta property=\"og:locale\" content=\"en_US\" \/>\n<meta property=\"og:type\" content=\"article\" \/>\n<meta property=\"og:title\" content=\"Publications - Marin Petrovi\u0107\" \/>\n<meta property=\"og:description\" content=\"Peer-reviewed scientific papers of Marin Petrovi\u0107 published in international scientific journals.\" \/>\n<meta property=\"og:url\" content=\"http:\/\/marin-petrovic.from.hr\/?page_id=15\" \/>\n<meta property=\"og:site_name\" content=\"Marin Petrovi\u0107\" \/>\n<meta property=\"article:modified_time\" content=\"2026-02-17T08:03:24+00:00\" \/>\n<meta name=\"twitter:card\" content=\"summary\" \/>\n<meta name=\"twitter:label1\" content=\"Est. reading time\" \/>\n\t<meta name=\"twitter:data1\" content=\"6 minutes\" \/>\n<script type=\"application\/ld+json\" class=\"yoast-schema-graph\">{\"@context\":\"https:\/\/schema.org\",\"@graph\":[{\"@type\":[\"Person\",\"Organization\"],\"@id\":\"http:\/\/marin-petrovic.from.hr\/#\/schema\/person\/8f72b84de5bda71d3d787ac0bca74234\",\"name\":\"marin-petrovic\",\"image\":{\"@type\":\"ImageObject\",\"@id\":\"http:\/\/marin-petrovic.from.hr\/#personlogo\",\"inLanguage\":\"en-US\",\"url\":\"http:\/\/0.gravatar.com\/avatar\/6d2171ffa913173de283bf3c90c7d1bf?s=96&d=mm&r=g\",\"contentUrl\":\"http:\/\/0.gravatar.com\/avatar\/6d2171ffa913173de283bf3c90c7d1bf?s=96&d=mm&r=g\",\"caption\":\"marin-petrovic\"},\"logo\":{\"@id\":\"http:\/\/marin-petrovic.from.hr\/#personlogo\"}},{\"@type\":\"WebSite\",\"@id\":\"http:\/\/marin-petrovic.from.hr\/#website\",\"url\":\"http:\/\/marin-petrovic.from.hr\/\",\"name\":\"Marin Petrovi\\u0107\",\"description\":\"research, news and more\",\"publisher\":{\"@id\":\"http:\/\/marin-petrovic.from.hr\/#\/schema\/person\/8f72b84de5bda71d3d787ac0bca74234\"},\"potentialAction\":[{\"@type\":\"SearchAction\",\"target\":{\"@type\":\"EntryPoint\",\"urlTemplate\":\"http:\/\/marin-petrovic.from.hr\/?s={search_term_string}\"},\"query-input\":\"required name=search_term_string\"}],\"inLanguage\":\"en-US\"},{\"@type\":\"WebPage\",\"@id\":\"http:\/\/marin-petrovic.from.hr\/?page_id=15#webpage\",\"url\":\"http:\/\/marin-petrovic.from.hr\/?page_id=15\",\"name\":\"Publications - Marin Petrovi\\u0107\",\"isPartOf\":{\"@id\":\"http:\/\/marin-petrovic.from.hr\/#website\"},\"datePublished\":\"2015-01-19T08:28:02+00:00\",\"dateModified\":\"2026-02-17T08:03:24+00:00\",\"description\":\"Peer-reviewed scientific papers of Marin Petrovi\\u0107 published in international scientific journals.\",\"breadcrumb\":{\"@id\":\"http:\/\/marin-petrovic.from.hr\/?page_id=15#breadcrumb\"},\"inLanguage\":\"en-US\",\"potentialAction\":[{\"@type\":\"ReadAction\",\"target\":[\"http:\/\/marin-petrovic.from.hr\/?page_id=15\"]}]},{\"@type\":\"BreadcrumbList\",\"@id\":\"http:\/\/marin-petrovic.from.hr\/?page_id=15#breadcrumb\",\"itemListElement\":[{\"@type\":\"ListItem\",\"position\":1,\"name\":\"Home\",\"item\":\"http:\/\/marin-petrovic.from.hr\/\"},{\"@type\":\"ListItem\",\"position\":2,\"name\":\"Publications\"}]}]}<\/script>\n<!-- \/ Yoast SEO plugin. -->","yoast_head_json":{"description":"Peer-reviewed scientific papers of Marin Petrovi\u0107 published in international scientific journals.","robots":{"index":"index","follow":"follow","max-snippet":"max-snippet:-1","max-image-preview":"max-image-preview:large","max-video-preview":"max-video-preview:-1"},"canonical":"http:\/\/marin-petrovic.from.hr\/?page_id=15","og_locale":"en_US","og_type":"article","og_title":"Publications - Marin Petrovi\u0107","og_description":"Peer-reviewed scientific papers of Marin Petrovi\u0107 published in international scientific journals.","og_url":"http:\/\/marin-petrovic.from.hr\/?page_id=15","og_site_name":"Marin Petrovi\u0107","article_modified_time":"2026-02-17T08:03:24+00:00","twitter_card":"summary","twitter_misc":{"Est. reading time":"6 minutes"},"schema":{"@context":"https:\/\/schema.org","@graph":[{"@type":["Person","Organization"],"@id":"http:\/\/marin-petrovic.from.hr\/#\/schema\/person\/8f72b84de5bda71d3d787ac0bca74234","name":"marin-petrovic","image":{"@type":"ImageObject","@id":"http:\/\/marin-petrovic.from.hr\/#personlogo","inLanguage":"en-US","url":"http:\/\/0.gravatar.com\/avatar\/6d2171ffa913173de283bf3c90c7d1bf?s=96&d=mm&r=g","contentUrl":"http:\/\/0.gravatar.com\/avatar\/6d2171ffa913173de283bf3c90c7d1bf?s=96&d=mm&r=g","caption":"marin-petrovic"},"logo":{"@id":"http:\/\/marin-petrovic.from.hr\/#personlogo"}},{"@type":"WebSite","@id":"http:\/\/marin-petrovic.from.hr\/#website","url":"http:\/\/marin-petrovic.from.hr\/","name":"Marin Petrovi\u0107","description":"research, news and more","publisher":{"@id":"http:\/\/marin-petrovic.from.hr\/#\/schema\/person\/8f72b84de5bda71d3d787ac0bca74234"},"potentialAction":[{"@type":"SearchAction","target":{"@type":"EntryPoint","urlTemplate":"http:\/\/marin-petrovic.from.hr\/?s={search_term_string}"},"query-input":"required name=search_term_string"}],"inLanguage":"en-US"},{"@type":"WebPage","@id":"http:\/\/marin-petrovic.from.hr\/?page_id=15#webpage","url":"http:\/\/marin-petrovic.from.hr\/?page_id=15","name":"Publications - Marin Petrovi\u0107","isPartOf":{"@id":"http:\/\/marin-petrovic.from.hr\/#website"},"datePublished":"2015-01-19T08:28:02+00:00","dateModified":"2026-02-17T08:03:24+00:00","description":"Peer-reviewed scientific papers of Marin Petrovi\u0107 published in international scientific journals.","breadcrumb":{"@id":"http:\/\/marin-petrovic.from.hr\/?page_id=15#breadcrumb"},"inLanguage":"en-US","potentialAction":[{"@type":"ReadAction","target":["http:\/\/marin-petrovic.from.hr\/?page_id=15"]}]},{"@type":"BreadcrumbList","@id":"http:\/\/marin-petrovic.from.hr\/?page_id=15#breadcrumb","itemListElement":[{"@type":"ListItem","position":1,"name":"Home","item":"http:\/\/marin-petrovic.from.hr\/"},{"@type":"ListItem","position":2,"name":"Publications"}]}]}},"_links":{"self":[{"href":"http:\/\/marin-petrovic.from.hr\/index.php?rest_route=\/wp\/v2\/pages\/15"}],"collection":[{"href":"http:\/\/marin-petrovic.from.hr\/index.php?rest_route=\/wp\/v2\/pages"}],"about":[{"href":"http:\/\/marin-petrovic.from.hr\/index.php?rest_route=\/wp\/v2\/types\/page"}],"author":[{"embeddable":true,"href":"http:\/\/marin-petrovic.from.hr\/index.php?rest_route=\/wp\/v2\/users\/1556"}],"replies":[{"embeddable":true,"href":"http:\/\/marin-petrovic.from.hr\/index.php?rest_route=%2Fwp%2Fv2%2Fcomments&post=15"}],"version-history":[{"count":60,"href":"http:\/\/marin-petrovic.from.hr\/index.php?rest_route=\/wp\/v2\/pages\/15\/revisions"}],"predecessor-version":[{"id":652,"href":"http:\/\/marin-petrovic.from.hr\/index.php?rest_route=\/wp\/v2\/pages\/15\/revisions\/652"}],"wp:attachment":[{"href":"http:\/\/marin-petrovic.from.hr\/index.php?rest_route=%2Fwp%2Fv2%2Fmedia&parent=15"}],"curies":[{"name":"wp","href":"https:\/\/api.w.org\/{rel}","templated":true}]}}