{"id":667,"date":"2021-12-24T11:48:42","date_gmt":"2021-12-24T10:48:42","guid":{"rendered":"http:\/\/marin-petrovic.from.hr\/?page_id=667"},"modified":"2026-02-17T08:59:46","modified_gmt":"2026-02-17T07:59:46","slug":"bobamat","status":"publish","type":"page","link":"http:\/\/marin-petrovic.from.hr\/?page_id=667","title":{"rendered":"BoBaMat"},"content":{"rendered":"<p><strong>Basic information:<\/strong><\/p>\n<ul>\n<li>Project name: Boron-based 2D materials, <strong>BoBaMat<\/strong> (<em>2D materijali bazirani na boru<\/em>)<\/li>\n<li>Funding by: Croatian Science Foundation (HrZZ)<\/li>\n<li>Grant No.: UIP-2020-02-1732<\/li>\n<li>Principal investigator: dr. sc. Marin Petrovi\u0107<\/li>\n<li>Associates: dr. sc. Borna Radatovi\u0107, mag. phys. Patrick Sele\u0161, mag. phys. et matech. Sherif Kamal<\/li>\n<li>Duration: 01\/2021 &#8211; 06\/2026<\/li>\n<li>Amount of funding: 260.000,00 EUR<\/li>\n<\/ul>\n<p><img loading=\"lazy\" class=\"size-medium wp-image-725 alignnone\" src=\"http:\/\/marin-petrovic.from.hr\/files\/2022\/03\/HrZZ-logo-300x141.jpg\" alt=\"\" width=\"300\" height=\"141\" srcset=\"http:\/\/marin-petrovic.from.hr\/files\/2022\/03\/HrZZ-logo-300x141.jpg 300w, http:\/\/marin-petrovic.from.hr\/files\/2022\/03\/HrZZ-logo-768x362.jpg 768w, http:\/\/marin-petrovic.from.hr\/files\/2022\/03\/HrZZ-logo-624x294.jpg 624w, http:\/\/marin-petrovic.from.hr\/files\/2022\/03\/HrZZ-logo.jpg 800w\" sizes=\"(max-width: 300px) 100vw, 300px\" \/><\/p>\n<p><strong>Project abstract:<\/strong> Synthesis of two-dimensional (2D) materials and their integration into more complex systems are currently very active fields of scientific research. By stacking high-quality 2D materials into complex heterostructures, it is possible to obtain new systems with improved functionalities, which are often interesting for various applications in technology. The focus of this project is on research of boron-based 2D materials: hexagonal boron nitride (an insulator), BCN alloy (a semiconductor) and borophene (a metal). Goals of the project are synthesis optimization of those materials on low-cost and readily available substrates, development of procedures for their transfer onto arbitrary substrates, and characterization of the corresponding vertical heterostructures. The emphasis is put on achieving and maintaining of high structural quality of 2D materials in all segments of research, which is crucial if one wants to keep their intrinsic properties. In addition, the project will enable construction and characterization of several prototypical devices composed of boron-based 2D materials, allowing for the investigation of their technological potential. 2D materials will be synthesized on metal substrates by utilizing chemical vapor deposition in an ultra-high vacuum chamber that will be acquired within the project. The design of the chamber will allow synthesis of several samples per day, which will ensure a reliable source of high-quality 2D materials indispensable for their thorough research from all aspects, from synthesis and all the way to applications. The initial quality check of 2D materials shall be performed by means of electron diffraction, and further structural analysis and characterization of the electronic structure will be carried out by scanning probe microscopies, scanning electron microscopy and photoelectron spectroscopy.<\/p>\n<p>See more about project&#8217;s:<\/p>\n<ul>\n<li><a href=\"http:\/\/marin-petrovic.from.hr\/?page_id=682\">Research and Equipment<\/a><\/li>\n<li><a href=\"http:\/\/marin-petrovic.from.hr\/?page_id=684\">Publications<\/a><\/li>\n<\/ul>\n","protected":false},"excerpt":{"rendered":"<p>Basic information: Project name: Boron-based 2D materials, BoBaMat (2D materijali bazirani na boru) Funding by: Croatian Science Foundation (HrZZ) Grant No.: UIP-2020-02-1732 Principal investigator: dr. sc. Marin Petrovi\u0107 Associates: dr. sc. Borna Radatovi\u0107, mag. phys. Patrick Sele\u0161, mag. phys. et matech. Sherif Kamal Duration: 01\/2021 &#8211; 06\/2026 Amount of funding: 260.000,00 EUR Project abstract: Synthesis [&hellip;]<\/p>\n","protected":false},"author":1556,"featured_media":0,"parent":663,"menu_order":0,"comment_status":"closed","ping_status":"closed","template":"page-templates\/full-width.php","meta":{"ngg_post_thumbnail":0},"yoast_head":"<!-- This site is optimized with the Yoast SEO plugin v17.5 - https:\/\/yoast.com\/wordpress\/plugins\/seo\/ -->\n<meta name=\"robots\" content=\"index, follow, max-snippet:-1, max-image-preview:large, max-video-preview:-1\" \/>\n<link rel=\"canonical\" href=\"http:\/\/from.hr\/marin-petrovic\/?page_id=667\" \/>\n<meta property=\"og:locale\" content=\"en_US\" \/>\n<meta property=\"og:type\" content=\"article\" \/>\n<meta property=\"og:title\" content=\"BoBaMat - Marin Petrovi\u0107\" \/>\n<meta property=\"og:description\" content=\"Basic information: Project name: Boron-based 2D materials, BoBaMat (2D materijali bazirani na boru) Funding by: Croatian Science Foundation (HrZZ) Grant No.: UIP-2020-02-1732 Principal investigator: dr. sc. Marin Petrovi\u0107 Associates: dr. sc. Borna Radatovi\u0107, mag. phys. Patrick Sele\u0161, mag. phys. et matech. Sherif Kamal Duration: 01\/2021 &#8211; 06\/2026 Amount of funding: 260.000,00 EUR Project abstract: Synthesis [&hellip;]\" \/>\n<meta property=\"og:url\" content=\"http:\/\/from.hr\/marin-petrovic\/?page_id=667\" \/>\n<meta property=\"og:site_name\" content=\"Marin Petrovi\u0107\" \/>\n<meta property=\"article:modified_time\" content=\"2026-02-17T07:59:46+00:00\" \/>\n<meta property=\"og:image\" content=\"http:\/\/from.hr\/marin-petrovic\/files\/2022\/03\/HrZZ-logo-300x141.jpg\" \/>\n<meta name=\"twitter:card\" content=\"summary\" \/>\n<meta name=\"twitter:label1\" content=\"Est. reading time\" \/>\n\t<meta name=\"twitter:data1\" content=\"2 minutes\" \/>\n<script type=\"application\/ld+json\" class=\"yoast-schema-graph\">{\"@context\":\"https:\/\/schema.org\",\"@graph\":[{\"@type\":[\"Person\",\"Organization\"],\"@id\":\"http:\/\/marin-petrovic.from.hr\/#\/schema\/person\/8f72b84de5bda71d3d787ac0bca74234\",\"name\":\"marin-petrovic\",\"image\":{\"@type\":\"ImageObject\",\"@id\":\"http:\/\/marin-petrovic.from.hr\/#personlogo\",\"inLanguage\":\"en-US\",\"url\":\"http:\/\/0.gravatar.com\/avatar\/6d2171ffa913173de283bf3c90c7d1bf?s=96&d=mm&r=g\",\"contentUrl\":\"http:\/\/0.gravatar.com\/avatar\/6d2171ffa913173de283bf3c90c7d1bf?s=96&d=mm&r=g\",\"caption\":\"marin-petrovic\"},\"logo\":{\"@id\":\"http:\/\/marin-petrovic.from.hr\/#personlogo\"}},{\"@type\":\"WebSite\",\"@id\":\"http:\/\/marin-petrovic.from.hr\/#website\",\"url\":\"http:\/\/marin-petrovic.from.hr\/\",\"name\":\"Marin Petrovi\\u0107\",\"description\":\"research, news and more\",\"publisher\":{\"@id\":\"http:\/\/marin-petrovic.from.hr\/#\/schema\/person\/8f72b84de5bda71d3d787ac0bca74234\"},\"potentialAction\":[{\"@type\":\"SearchAction\",\"target\":{\"@type\":\"EntryPoint\",\"urlTemplate\":\"http:\/\/marin-petrovic.from.hr\/?s={search_term_string}\"},\"query-input\":\"required name=search_term_string\"}],\"inLanguage\":\"en-US\"},{\"@type\":\"ImageObject\",\"@id\":\"http:\/\/from.hr\/marin-petrovic\/?page_id=667#primaryimage\",\"inLanguage\":\"en-US\",\"url\":\"http:\/\/from.hr\/marin-petrovic\/files\/2022\/03\/HrZZ-logo-300x141.jpg\",\"contentUrl\":\"http:\/\/from.hr\/marin-petrovic\/files\/2022\/03\/HrZZ-logo-300x141.jpg\"},{\"@type\":\"WebPage\",\"@id\":\"http:\/\/from.hr\/marin-petrovic\/?page_id=667#webpage\",\"url\":\"http:\/\/from.hr\/marin-petrovic\/?page_id=667\",\"name\":\"BoBaMat - Marin Petrovi\\u0107\",\"isPartOf\":{\"@id\":\"http:\/\/marin-petrovic.from.hr\/#website\"},\"primaryImageOfPage\":{\"@id\":\"http:\/\/from.hr\/marin-petrovic\/?page_id=667#primaryimage\"},\"datePublished\":\"2021-12-24T10:48:42+00:00\",\"dateModified\":\"2026-02-17T07:59:46+00:00\",\"breadcrumb\":{\"@id\":\"http:\/\/from.hr\/marin-petrovic\/?page_id=667#breadcrumb\"},\"inLanguage\":\"en-US\",\"potentialAction\":[{\"@type\":\"ReadAction\",\"target\":[\"http:\/\/from.hr\/marin-petrovic\/?page_id=667\"]}]},{\"@type\":\"BreadcrumbList\",\"@id\":\"http:\/\/from.hr\/marin-petrovic\/?page_id=667#breadcrumb\",\"itemListElement\":[{\"@type\":\"ListItem\",\"position\":1,\"name\":\"Home\",\"item\":\"http:\/\/marin-petrovic.from.hr\/\"},{\"@type\":\"ListItem\",\"position\":2,\"name\":\"Scientific projects\",\"item\":\"http:\/\/marin-petrovic.from.hr\/?page_id=663\"},{\"@type\":\"ListItem\",\"position\":3,\"name\":\"BoBaMat\"}]}]}<\/script>\n<!-- \/ Yoast SEO plugin. -->","yoast_head_json":{"robots":{"index":"index","follow":"follow","max-snippet":"max-snippet:-1","max-image-preview":"max-image-preview:large","max-video-preview":"max-video-preview:-1"},"canonical":"http:\/\/from.hr\/marin-petrovic\/?page_id=667","og_locale":"en_US","og_type":"article","og_title":"BoBaMat - Marin Petrovi\u0107","og_description":"Basic information: Project name: Boron-based 2D materials, BoBaMat (2D materijali bazirani na boru) Funding by: Croatian Science Foundation (HrZZ) Grant No.: UIP-2020-02-1732 Principal investigator: dr. sc. Marin Petrovi\u0107 Associates: dr. sc. Borna Radatovi\u0107, mag. phys. Patrick Sele\u0161, mag. phys. et matech. Sherif Kamal Duration: 01\/2021 &#8211; 06\/2026 Amount of funding: 260.000,00 EUR Project abstract: Synthesis [&hellip;]","og_url":"http:\/\/from.hr\/marin-petrovic\/?page_id=667","og_site_name":"Marin Petrovi\u0107","article_modified_time":"2026-02-17T07:59:46+00:00","og_image":[{"url":"http:\/\/from.hr\/marin-petrovic\/files\/2022\/03\/HrZZ-logo-300x141.jpg"}],"twitter_card":"summary","twitter_misc":{"Est. reading time":"2 minutes"},"schema":{"@context":"https:\/\/schema.org","@graph":[{"@type":["Person","Organization"],"@id":"http:\/\/marin-petrovic.from.hr\/#\/schema\/person\/8f72b84de5bda71d3d787ac0bca74234","name":"marin-petrovic","image":{"@type":"ImageObject","@id":"http:\/\/marin-petrovic.from.hr\/#personlogo","inLanguage":"en-US","url":"http:\/\/0.gravatar.com\/avatar\/6d2171ffa913173de283bf3c90c7d1bf?s=96&d=mm&r=g","contentUrl":"http:\/\/0.gravatar.com\/avatar\/6d2171ffa913173de283bf3c90c7d1bf?s=96&d=mm&r=g","caption":"marin-petrovic"},"logo":{"@id":"http:\/\/marin-petrovic.from.hr\/#personlogo"}},{"@type":"WebSite","@id":"http:\/\/marin-petrovic.from.hr\/#website","url":"http:\/\/marin-petrovic.from.hr\/","name":"Marin Petrovi\u0107","description":"research, news and more","publisher":{"@id":"http:\/\/marin-petrovic.from.hr\/#\/schema\/person\/8f72b84de5bda71d3d787ac0bca74234"},"potentialAction":[{"@type":"SearchAction","target":{"@type":"EntryPoint","urlTemplate":"http:\/\/marin-petrovic.from.hr\/?s={search_term_string}"},"query-input":"required name=search_term_string"}],"inLanguage":"en-US"},{"@type":"ImageObject","@id":"http:\/\/from.hr\/marin-petrovic\/?page_id=667#primaryimage","inLanguage":"en-US","url":"http:\/\/from.hr\/marin-petrovic\/files\/2022\/03\/HrZZ-logo-300x141.jpg","contentUrl":"http:\/\/from.hr\/marin-petrovic\/files\/2022\/03\/HrZZ-logo-300x141.jpg"},{"@type":"WebPage","@id":"http:\/\/from.hr\/marin-petrovic\/?page_id=667#webpage","url":"http:\/\/from.hr\/marin-petrovic\/?page_id=667","name":"BoBaMat - Marin Petrovi\u0107","isPartOf":{"@id":"http:\/\/marin-petrovic.from.hr\/#website"},"primaryImageOfPage":{"@id":"http:\/\/from.hr\/marin-petrovic\/?page_id=667#primaryimage"},"datePublished":"2021-12-24T10:48:42+00:00","dateModified":"2026-02-17T07:59:46+00:00","breadcrumb":{"@id":"http:\/\/from.hr\/marin-petrovic\/?page_id=667#breadcrumb"},"inLanguage":"en-US","potentialAction":[{"@type":"ReadAction","target":["http:\/\/from.hr\/marin-petrovic\/?page_id=667"]}]},{"@type":"BreadcrumbList","@id":"http:\/\/from.hr\/marin-petrovic\/?page_id=667#breadcrumb","itemListElement":[{"@type":"ListItem","position":1,"name":"Home","item":"http:\/\/marin-petrovic.from.hr\/"},{"@type":"ListItem","position":2,"name":"Scientific projects","item":"http:\/\/marin-petrovic.from.hr\/?page_id=663"},{"@type":"ListItem","position":3,"name":"BoBaMat"}]}]}},"_links":{"self":[{"href":"http:\/\/marin-petrovic.from.hr\/index.php?rest_route=\/wp\/v2\/pages\/667"}],"collection":[{"href":"http:\/\/marin-petrovic.from.hr\/index.php?rest_route=\/wp\/v2\/pages"}],"about":[{"href":"http:\/\/marin-petrovic.from.hr\/index.php?rest_route=\/wp\/v2\/types\/page"}],"author":[{"embeddable":true,"href":"http:\/\/marin-petrovic.from.hr\/index.php?rest_route=\/wp\/v2\/users\/1556"}],"replies":[{"embeddable":true,"href":"http:\/\/marin-petrovic.from.hr\/index.php?rest_route=%2Fwp%2Fv2%2Fcomments&post=667"}],"version-history":[{"count":10,"href":"http:\/\/marin-petrovic.from.hr\/index.php?rest_route=\/wp\/v2\/pages\/667\/revisions"}],"predecessor-version":[{"id":851,"href":"http:\/\/marin-petrovic.from.hr\/index.php?rest_route=\/wp\/v2\/pages\/667\/revisions\/851"}],"up":[{"embeddable":true,"href":"http:\/\/marin-petrovic.from.hr\/index.php?rest_route=\/wp\/v2\/pages\/663"}],"wp:attachment":[{"href":"http:\/\/marin-petrovic.from.hr\/index.php?rest_route=%2Fwp%2Fv2%2Fmedia&parent=667"}],"curies":[{"name":"wp","href":"https:\/\/api.w.org\/{rel}","templated":true}]}}