{"id":684,"date":"2021-12-24T12:11:35","date_gmt":"2021-12-24T11:11:35","guid":{"rendered":"http:\/\/marin-petrovic.from.hr\/?page_id=684"},"modified":"2024-01-03T10:21:14","modified_gmt":"2024-01-03T09:21:14","slug":"publications","status":"publish","type":"page","link":"http:\/\/marin-petrovic.from.hr\/?page_id=684","title":{"rendered":"Project-related publications"},"content":{"rendered":"<ul>\n<li>S. Kamal, I. Seo, P. Bampoulis, M. Jugovac, C. A. Brondin, T. O. Mente\u015f, I. \u0160ari\u0107 Jankovi\u0107, A. Matetskiy, P. Moras, P. Sheverdyaeva, T. Michely, A. Locatelli, Y. Gohda, M. Kralj, <u>M. Petrovi\u0107<\/u>. <em>Unidirectional Nano-Modulated Binding and Electron Scattering in Epitaxial Borophene<\/em>. ACS Applied Materials and Interfaces, <strong>15<\/strong>, 57890 (2023). <a href=\"https:\/\/doi.org\/10.1021\/acsami.3c14884\" target=\"_blank\" rel=\"noopener\">DOI link<\/a><\/li>\n<li>K. M. Omambac, M. A. Kriegel, <u>M. Petrovi\u0107<\/u>, B. Finke, C. Brand, F.-J. Meyer zu Heringdorf, M. Horn-von Hoegen. <em>Interplay of Kinetic Limitations and Disintegration: Selective Growth of Hexagonal Boron Nitride and Borophene Monolayers on Metal Substrates<\/em>. ACS Nano <strong>17<\/strong>, 17946 (2023). <a href=\"https:\/\/doi.org\/10.1021\/acsnano.3c04038\" target=\"_blank\" rel=\"noopener\">DOI link<\/a><\/li>\n<li>M. Jugovac, I. Cojocariu, C. A. Brondin, A. Crotti, M. Petrovi\u0107, S. Bonetti, A. Locatelli, T. O. Mente\u015f. <em>Coupling Borophene to Graphene in Air-Stable Heterostructures.<\/em> Advanced Electronic Materials <strong>9<\/strong>, 2300136 (2023). <a href=\"https:\/\/doi.org\/10.1002\/aelm.202300136\" target=\"_blank\" rel=\"noopener\">DOI link<\/a><\/li>\n<li>B. Radatovi\u0107, V. Jadri\u0161ko, S. Kamal, M. Kralj, D. Novko, N. Vuji\u010di\u0107, M. Petrovi\u0107. <em>Macroscopic single-phase monolayer borophene on arbitrary substrates.<\/em> ACS Applied Materials and Interfaces <strong>14<\/strong>, 21727 (2022). <a href=\"https:\/\/doi.org\/10.1021\/acsami.2c03678\" target=\"_blank\" rel=\"noopener\">DOI link<\/a><\/li>\n<li>M. Petrovi\u0107, F. J. Meyer zu Heringdorf, M. Horn-von Hoegen, P. A. Thiel, and M. C. Tringides. <i style=\"font-size: 1rem\">Broad background in electron diffraction of 2D materials as a signature of their superior quality. <\/i>Nanotechnology&nbsp;<strong style=\"font-size: 1rem\">32<\/strong><span style=\"font-size: 1rem\"> 505706 (2021). <\/span><a href=\"https:\/\/doi.org\/10.1088\/1361-6528\/ac244f\" target=\"_blank\" rel=\"noopener\">DOI link<\/a><\/li>\n<\/ul>\n","protected":false},"excerpt":{"rendered":"<p>S. Kamal, I. Seo, P. Bampoulis, M. Jugovac, C. A. Brondin, T. O. Mente\u015f, I. \u0160ari\u0107 Jankovi\u0107, A. Matetskiy, P. Moras, P. Sheverdyaeva, T. Michely, A. Locatelli, Y. Gohda, M. Kralj, M. Petrovi\u0107. Unidirectional Nano-Modulated Binding and Electron Scattering in Epitaxial Borophene. ACS Applied Materials and Interfaces, 15, 57890 (2023). DOI link K. M. Omambac, [&hellip;]<\/p>\n","protected":false},"author":1556,"featured_media":0,"parent":667,"menu_order":0,"comment_status":"closed","ping_status":"closed","template":"page-templates\/full-width.php","meta":{"ngg_post_thumbnail":0},"yoast_head":"<!-- This site is optimized with the Yoast SEO plugin v17.5 - https:\/\/yoast.com\/wordpress\/plugins\/seo\/ -->\n<meta name=\"robots\" content=\"index, follow, max-snippet:-1, max-image-preview:large, max-video-preview:-1\" \/>\n<link rel=\"canonical\" href=\"http:\/\/marin-petrovic.from.hr\/?page_id=684\" \/>\n<meta property=\"og:locale\" content=\"en_US\" \/>\n<meta property=\"og:type\" content=\"article\" \/>\n<meta property=\"og:title\" content=\"Project-related publications - Marin Petrovi\u0107\" \/>\n<meta property=\"og:description\" content=\"S. Kamal, I. Seo, P. Bampoulis, M. Jugovac, C. A. Brondin, T. O. Mente\u015f, I. \u0160ari\u0107 Jankovi\u0107, A. Matetskiy, P. Moras, P. Sheverdyaeva, T. Michely, A. Locatelli, Y. Gohda, M. Kralj, M. Petrovi\u0107. Unidirectional Nano-Modulated Binding and Electron Scattering in Epitaxial Borophene. ACS Applied Materials and Interfaces, 15, 57890 (2023). DOI link K. M. Omambac, [&hellip;]\" \/>\n<meta property=\"og:url\" content=\"http:\/\/marin-petrovic.from.hr\/?page_id=684\" \/>\n<meta property=\"og:site_name\" content=\"Marin Petrovi\u0107\" \/>\n<meta property=\"article:modified_time\" content=\"2024-01-03T09:21:14+00:00\" \/>\n<meta name=\"twitter:card\" content=\"summary\" \/>\n<meta name=\"twitter:label1\" content=\"Est. reading time\" \/>\n\t<meta name=\"twitter:data1\" content=\"1 minute\" \/>\n<script type=\"application\/ld+json\" class=\"yoast-schema-graph\">{\"@context\":\"https:\/\/schema.org\",\"@graph\":[{\"@type\":[\"Person\",\"Organization\"],\"@id\":\"http:\/\/marin-petrovic.from.hr\/#\/schema\/person\/8f72b84de5bda71d3d787ac0bca74234\",\"name\":\"marin-petrovic\",\"image\":{\"@type\":\"ImageObject\",\"@id\":\"http:\/\/marin-petrovic.from.hr\/#personlogo\",\"inLanguage\":\"en-US\",\"url\":\"http:\/\/0.gravatar.com\/avatar\/6d2171ffa913173de283bf3c90c7d1bf?s=96&d=mm&r=g\",\"contentUrl\":\"http:\/\/0.gravatar.com\/avatar\/6d2171ffa913173de283bf3c90c7d1bf?s=96&d=mm&r=g\",\"caption\":\"marin-petrovic\"},\"logo\":{\"@id\":\"http:\/\/marin-petrovic.from.hr\/#personlogo\"}},{\"@type\":\"WebSite\",\"@id\":\"http:\/\/marin-petrovic.from.hr\/#website\",\"url\":\"http:\/\/marin-petrovic.from.hr\/\",\"name\":\"Marin Petrovi\\u0107\",\"description\":\"research, news and more\",\"publisher\":{\"@id\":\"http:\/\/marin-petrovic.from.hr\/#\/schema\/person\/8f72b84de5bda71d3d787ac0bca74234\"},\"potentialAction\":[{\"@type\":\"SearchAction\",\"target\":{\"@type\":\"EntryPoint\",\"urlTemplate\":\"http:\/\/marin-petrovic.from.hr\/?s={search_term_string}\"},\"query-input\":\"required name=search_term_string\"}],\"inLanguage\":\"en-US\"},{\"@type\":\"WebPage\",\"@id\":\"http:\/\/marin-petrovic.from.hr\/?page_id=684#webpage\",\"url\":\"http:\/\/marin-petrovic.from.hr\/?page_id=684\",\"name\":\"Project-related publications - Marin Petrovi\\u0107\",\"isPartOf\":{\"@id\":\"http:\/\/marin-petrovic.from.hr\/#website\"},\"datePublished\":\"2021-12-24T11:11:35+00:00\",\"dateModified\":\"2024-01-03T09:21:14+00:00\",\"breadcrumb\":{\"@id\":\"http:\/\/marin-petrovic.from.hr\/?page_id=684#breadcrumb\"},\"inLanguage\":\"en-US\",\"potentialAction\":[{\"@type\":\"ReadAction\",\"target\":[\"http:\/\/marin-petrovic.from.hr\/?page_id=684\"]}]},{\"@type\":\"BreadcrumbList\",\"@id\":\"http:\/\/marin-petrovic.from.hr\/?page_id=684#breadcrumb\",\"itemListElement\":[{\"@type\":\"ListItem\",\"position\":1,\"name\":\"Home\",\"item\":\"http:\/\/marin-petrovic.from.hr\/\"},{\"@type\":\"ListItem\",\"position\":2,\"name\":\"Scientific projects\",\"item\":\"http:\/\/marin-petrovic.from.hr\/?page_id=663\"},{\"@type\":\"ListItem\",\"position\":3,\"name\":\"BoBaMat\",\"item\":\"http:\/\/marin-petrovic.from.hr\/?page_id=667\"},{\"@type\":\"ListItem\",\"position\":4,\"name\":\"Project-related publications\"}]}]}<\/script>\n<!-- \/ Yoast SEO plugin. -->","yoast_head_json":{"robots":{"index":"index","follow":"follow","max-snippet":"max-snippet:-1","max-image-preview":"max-image-preview:large","max-video-preview":"max-video-preview:-1"},"canonical":"http:\/\/marin-petrovic.from.hr\/?page_id=684","og_locale":"en_US","og_type":"article","og_title":"Project-related publications - Marin Petrovi\u0107","og_description":"S. Kamal, I. Seo, P. Bampoulis, M. Jugovac, C. A. Brondin, T. O. Mente\u015f, I. \u0160ari\u0107 Jankovi\u0107, A. Matetskiy, P. Moras, P. Sheverdyaeva, T. Michely, A. Locatelli, Y. Gohda, M. Kralj, M. Petrovi\u0107. Unidirectional Nano-Modulated Binding and Electron Scattering in Epitaxial Borophene. ACS Applied Materials and Interfaces, 15, 57890 (2023). DOI link K. M. Omambac, [&hellip;]","og_url":"http:\/\/marin-petrovic.from.hr\/?page_id=684","og_site_name":"Marin Petrovi\u0107","article_modified_time":"2024-01-03T09:21:14+00:00","twitter_card":"summary","twitter_misc":{"Est. reading time":"1 minute"},"schema":{"@context":"https:\/\/schema.org","@graph":[{"@type":["Person","Organization"],"@id":"http:\/\/marin-petrovic.from.hr\/#\/schema\/person\/8f72b84de5bda71d3d787ac0bca74234","name":"marin-petrovic","image":{"@type":"ImageObject","@id":"http:\/\/marin-petrovic.from.hr\/#personlogo","inLanguage":"en-US","url":"http:\/\/0.gravatar.com\/avatar\/6d2171ffa913173de283bf3c90c7d1bf?s=96&d=mm&r=g","contentUrl":"http:\/\/0.gravatar.com\/avatar\/6d2171ffa913173de283bf3c90c7d1bf?s=96&d=mm&r=g","caption":"marin-petrovic"},"logo":{"@id":"http:\/\/marin-petrovic.from.hr\/#personlogo"}},{"@type":"WebSite","@id":"http:\/\/marin-petrovic.from.hr\/#website","url":"http:\/\/marin-petrovic.from.hr\/","name":"Marin Petrovi\u0107","description":"research, news and more","publisher":{"@id":"http:\/\/marin-petrovic.from.hr\/#\/schema\/person\/8f72b84de5bda71d3d787ac0bca74234"},"potentialAction":[{"@type":"SearchAction","target":{"@type":"EntryPoint","urlTemplate":"http:\/\/marin-petrovic.from.hr\/?s={search_term_string}"},"query-input":"required name=search_term_string"}],"inLanguage":"en-US"},{"@type":"WebPage","@id":"http:\/\/marin-petrovic.from.hr\/?page_id=684#webpage","url":"http:\/\/marin-petrovic.from.hr\/?page_id=684","name":"Project-related publications - Marin Petrovi\u0107","isPartOf":{"@id":"http:\/\/marin-petrovic.from.hr\/#website"},"datePublished":"2021-12-24T11:11:35+00:00","dateModified":"2024-01-03T09:21:14+00:00","breadcrumb":{"@id":"http:\/\/marin-petrovic.from.hr\/?page_id=684#breadcrumb"},"inLanguage":"en-US","potentialAction":[{"@type":"ReadAction","target":["http:\/\/marin-petrovic.from.hr\/?page_id=684"]}]},{"@type":"BreadcrumbList","@id":"http:\/\/marin-petrovic.from.hr\/?page_id=684#breadcrumb","itemListElement":[{"@type":"ListItem","position":1,"name":"Home","item":"http:\/\/marin-petrovic.from.hr\/"},{"@type":"ListItem","position":2,"name":"Scientific projects","item":"http:\/\/marin-petrovic.from.hr\/?page_id=663"},{"@type":"ListItem","position":3,"name":"BoBaMat","item":"http:\/\/marin-petrovic.from.hr\/?page_id=667"},{"@type":"ListItem","position":4,"name":"Project-related publications"}]}]}},"_links":{"self":[{"href":"http:\/\/marin-petrovic.from.hr\/index.php?rest_route=\/wp\/v2\/pages\/684"}],"collection":[{"href":"http:\/\/marin-petrovic.from.hr\/index.php?rest_route=\/wp\/v2\/pages"}],"about":[{"href":"http:\/\/marin-petrovic.from.hr\/index.php?rest_route=\/wp\/v2\/types\/page"}],"author":[{"embeddable":true,"href":"http:\/\/marin-petrovic.from.hr\/index.php?rest_route=\/wp\/v2\/users\/1556"}],"replies":[{"embeddable":true,"href":"http:\/\/marin-petrovic.from.hr\/index.php?rest_route=%2Fwp%2Fv2%2Fcomments&post=684"}],"version-history":[{"count":12,"href":"http:\/\/marin-petrovic.from.hr\/index.php?rest_route=\/wp\/v2\/pages\/684\/revisions"}],"predecessor-version":[{"id":818,"href":"http:\/\/marin-petrovic.from.hr\/index.php?rest_route=\/wp\/v2\/pages\/684\/revisions\/818"}],"up":[{"embeddable":true,"href":"http:\/\/marin-petrovic.from.hr\/index.php?rest_route=\/wp\/v2\/pages\/667"}],"wp:attachment":[{"href":"http:\/\/marin-petrovic.from.hr\/index.php?rest_route=%2Fwp%2Fv2%2Fmedia&parent=684"}],"curies":[{"name":"wp","href":"https:\/\/api.w.org\/{rel}","templated":true}]}}